{"id":623,"date":"2018-03-27T13:35:14","date_gmt":"2018-03-27T13:35:14","guid":{"rendered":"http:\/\/talentiam.com\/?page_id=623"},"modified":"2020-08-20T11:46:03","modified_gmt":"2020-08-20T10:46:03","slug":"politica-de-cookies","status":"publish","type":"page","link":"https:\/\/www.talentiam.com\/es\/politica-de-cookies\/","title":{"rendered":"Pol\u00edtica de Cookies"},"content":{"rendered":"<p>Seg\u00fan lo establecido por Reglamento UE 2016\/679, y dem\u00e1s legislaci\u00f3n de desarrollo, talentiam, s.l. con CIF B-63442404 y domicilio en Madrid en la calle Lagasca n\u00ba 10 informa a cualquier persona que visite nuestra sitio web talentiam.com sobre nuestra Pol\u00edtica de Cookies.<\/p>\n<h2>\u00bfQu\u00e9 son las cookies?<\/h2>\n<p>Las cookies son ficheros que se descargan en su ordenador, smartphone o Tablet al acceder a determinadas p\u00e1ginas web y\/o aplicaciones. Las cookies permiten almacenar y recuperar informaci\u00f3n sobre los h\u00e1bitos de navegaci\u00f3n de un usuario o de su equipo y, dependiendo de la informaci\u00f3n que contengan y de la forma en que utilice su equipo, pueden utilizarse para reconocer a los usuarios.<\/p>\n<h2>\u00bfQu\u00e9 tipo de cookies utiliza el sitio web talentiam.com?<\/h2>\n<p>Nuestra web contiene cookies propias y cookies de terceros. Las cookies propias son aqu\u00e9llas que se env\u00edan al equipo terminal del usuario desde un equipo o dominio gestionado por talentiam y desde el que se presta el servicio solicitado por el usuario. Las cookies de terceros son aqu\u00e9llas que se env\u00edan al equipo terminal del usuario desde un equipo o dominio que no es gestionado por talentiam, sino por otra entidad que trata los datos obtenidos trav\u00e9s de las cookies.<\/p>\n<h2>Cookies propias<\/h2>\n<p>Son aquellas cookies que son enviadas a su ordenador y gestionadas exclusivamente por talentiam para el mejor funcionamiento del sitio web. La informaci\u00f3n que recabamos se emplea para mejorar la calidad de nuestro servicio y su experiencia como usuario. Estas cookies permanecen en su navegador m\u00e1s tiempo, permiti\u00e9ndonos reconocerle como visitante recurrente del sitio web y adaptar el contenido para ofrecerle contenidos que se ajusten a sus preferencias.<\/p>\n<h2>Cookies de terceros<\/h2>\n<p><strong>1. Cookies anal\u00edticas:<\/strong><br \/>\nUtilizamos el sistema de medici\u00f3n de audiencia Google Analytics, una herramienta de an\u00e1lisis web de Google que nos permite conocer c\u00f3mo interact\u00faan los usuarios de nuestro sitio web. Asimismo, habilita cookies en el dominio del sitio en el que se encuentra el usuario y utiliza un conjunto de cookies denominadas \u201c__utma\u201d y \u201c__utmz\u201d para recopilar informaci\u00f3n de forma an\u00f3nima y elaborar informes de tendencias del sitio web sin identificar a usuarios individuales.<\/p>\n<p>Junto con nuestros archivos de registro del servidor, nos permiten conocer el n\u00famero total de usuarios que visitan nuestro sitio web y aquellas partes del mismo que gozan de mayor popularidad. Gracias a ellas obtenemos una informaci\u00f3n que puede ayudarnos a mejorar la navegaci\u00f3n y dar un mejor servicio a usuarios y clientes.<\/p>\n<p>Google Analytics no proporciona a talentiam informaci\u00f3n sobre la direcci\u00f3n IP real del usuario, sino que \u00fanicamente le facilita informaci\u00f3n estad\u00edstica consistente en visitas, datos demogr\u00e1ficos, datos t\u00e9cnicos, fuente, medio. Google Analytics es un producto de Google, Inc., la cual es una sociedad de Delaware cuya oficina principal est\u00e1 en 1600 Amphitheatre Parkway, Mountain View (California), CA 94043, EE.UU.<\/p>\n<p>Incluimos a continuaci\u00f3n el enlace al sitio web de Google donde puede consultar la descripci\u00f3n del tipo de cookies que utiliza Google Analitycs:<\/p>\n<p><a href=\"href=\" target=\"_blank\" rel=\"noopener noreferrer\">https:\/\/developers.google.com\/analytics\/devguides\/collection\/analyticsjs\/cookie-usage?hl=es<\/a><\/p>\n<p>Si interact\u00faa con el contenido de nuestro sitio web tambi\u00e9n pueden establecerse cookies de terceros (por ejemplo, al pulsar botones de redes sociales o visionar v\u00eddeos alojados en otro sitio web). Las cookies de terceros, son aquellas establecidas por un dominio diferente de nuestro sitio web. No podemos acceder a los datos almacenados en las cookies de otros sitios web cuando navegue en los citados sitios web.<\/p>\n<p><strong>2. Cookies t\u00e9cnicas:<\/strong><br \/>\nPermiten al usuario la navegaci\u00f3n a trav\u00e9s de la p\u00e1gina web y la utilizaci\u00f3n de sus diferentes opciones o servicios.<\/p>\n<p><strong>3. Cookies plug in:<\/strong><br \/>\nPermiten intercambiar contenidos sociales. Las redes sociales almacenan y acceden a este tipo de cookies en el equipo terminal del usuario permitiendo a la red social identificar a sus miembros mientras estos interact\u00faan con los complementos.<\/p>\n<p><strong>4. Cookies de reproductor multimedia:<\/strong><br \/>\nAlmacenan datos de \u00edndole t\u00e9cnica, necesarios para reproducir contenidos de v\u00eddeo o audio, manteniendo la velocidad de conexi\u00f3n necesaria, calidad de imagen y par\u00e1metros de almacenamiento temporal.<\/p>\n<h2>Consentimiento<\/h2>\n<p>Al navegar y continuar en nuestro sitio web talentiam.com estar\u00e1 consintiendo el uso de las cookies descritas, y en las condiciones contenidas en la presente Pol\u00edtica de Cookies. Sin embargo, usted puede revocar su consentimiento en cualquier momento de acuerdo con la secci\u00f3n siguiente.<\/p>\n<h2>Desactivaci\u00f3n de las Cookies que utiliza el sitio web talentiam.com<\/h2>\n<p>Para utilizar talentiam.com no resulta necesaria la instalaci\u00f3n de determinadas cookies. Usted puede permitir, bloquear o eliminar las cookies instaladas en su equipo mediante la configuraci\u00f3n de las opciones del navegador instalado en su terminal. Consulte las instrucciones y manuales de su navegador para ampliar esta informaci\u00f3n. Para su comodidad, a continuaci\u00f3n se incluyen links a las instrucciones de los principales navegadores:<\/p>\n<ul>\n<li>Google Chrome<\/li>\n<li>Internet Explorer<\/li>\n<li>Firefox<\/li>\n<li>Safari<\/li>\n<\/ul>\n<p>El sistema de opt-out de Google Analytics se encuentra accesible pinchando aqu\u00ed.<\/p>\n<h2>Cambios en la Pol\u00edtica de Cookie<\/h2>\n<p>talentiam se reserva el derecho a cambiar esta pol\u00edtica de privacidad si lo considera necesario. En tal caso, tenga en cuenta que antes de aplicar la nueva pol\u00edtica de privacidad, deber\u00eda pasar un periodo de 30 d\u00edas laborables. Compruebe esta p\u00e1gina peri\u00f3dicamente si desea mantenerse informado de los cambios. Fecha de la \u00faltima actualizaci\u00f3n: Mayo de 2018.<\/p>\n<h2>M\u00e1s Informaci\u00f3n<\/h2>\n<p>Puede formularnos sus preguntas enviando un email a <a href=\"mailto:info@talentiam.com\">info@talentiam.com<\/a>.<\/p>\n","protected":false},"excerpt":{"rendered":"<p>Seg\u00fan lo establecido por Reglamento UE 2016\/679, y dem\u00e1s legislaci\u00f3n de desarrollo, talentiam, s.l. con CIF B-63442404 y domicilio en Madrid en la calle Lagasca n\u00ba 10 informa a cualquier persona que visite nuestra sitio web talentiam.com sobre nuestra Pol\u00edtica de Cookies. \u00bfQu\u00e9 son las cookies? Las cookies son ficheros que se descargan en su [&hellip;]<\/p>\n","protected":false},"author":5,"featured_media":0,"parent":0,"menu_order":0,"comment_status":"closed","ping_status":"closed","template":"","meta":{"_monsterinsights_skip_tracking":false,"_monsterinsights_sitenote_active":false,"_monsterinsights_sitenote_note":"","_monsterinsights_sitenote_category":0,"yasr_overall_rating":0,"yasr_post_is_review":"","yasr_auto_insert_disabled":"","yasr_review_type":"BlogPosting","footnotes":""},"class_list":["post-623","page","type-page","status-publish","hentry"],"yasr_visitor_votes":{"stars_attributes":{"read_only":false,"span_bottom":false},"number_of_votes":0,"sum_votes":0},"yoast_head":"<!-- This site is optimized with the Yoast SEO plugin v27.2 - https:\/\/yoast.com\/product\/yoast-seo-wordpress\/ -->\n<title>Pol\u00edtica de Cookies |\u00a0talentiam<\/title>\n<meta name=\"robots\" content=\"noindex, nofollow\" \/>\n<meta property=\"og:locale\" content=\"es_ES\" \/>\n<meta property=\"og:type\" content=\"article\" \/>\n<meta property=\"og:title\" content=\"Pol\u00edtica de Cookies |\u00a0talentiam\" \/>\n<meta property=\"og:description\" content=\"Seg\u00fan lo establecido por Reglamento UE 2016\/679, y dem\u00e1s legislaci\u00f3n de desarrollo, talentiam, s.l. con CIF B-63442404 y domicilio en Madrid en la calle Lagasca n\u00ba 10 informa a cualquier persona que visite nuestra sitio web talentiam.com sobre nuestra Pol\u00edtica de Cookies. \u00bfQu\u00e9 son las cookies? Las cookies son ficheros que se descargan en su [&hellip;]\" \/>\n<meta property=\"og:url\" content=\"https:\/\/www.talentiam.com\/es\/politica-de-cookies\/\" \/>\n<meta property=\"og:site_name\" content=\"talentiam\" \/>\n<meta property=\"article:publisher\" content=\"https:\/\/www.facebook.com\/talentiam\/\" \/>\n<meta property=\"article:modified_time\" content=\"2020-08-20T10:46:03+00:00\" \/>\n<meta name=\"twitter:card\" content=\"summary_large_image\" \/>\n<meta name=\"twitter:site\" content=\"@talentiam\" \/>\n<meta name=\"twitter:label1\" content=\"Tiempo de lectura\" \/>\n\t<meta name=\"twitter:data1\" content=\"5 minutos\" \/>\n<script type=\"application\/ld+json\" class=\"yoast-schema-graph\">{\"@context\":\"https:\/\/schema.org\",\"@graph\":[{\"@type\":\"WebPage\",\"@id\":\"https:\/\/www.talentiam.com\/es\/politica-de-cookies\/\",\"url\":\"https:\/\/www.talentiam.com\/es\/politica-de-cookies\/\",\"name\":\"Pol\u00edtica de Cookies |\u00a0talentiam\",\"isPartOf\":{\"@id\":\"https:\/\/www.talentiam.com\/es\/#website\"},\"datePublished\":\"2018-03-27T13:35:14+00:00\",\"dateModified\":\"2020-08-20T10:46:03+00:00\",\"breadcrumb\":{\"@id\":\"https:\/\/www.talentiam.com\/es\/politica-de-cookies\/#breadcrumb\"},\"inLanguage\":\"es\",\"potentialAction\":[{\"@type\":\"ReadAction\",\"target\":[\"https:\/\/www.talentiam.com\/es\/politica-de-cookies\/\"]}]},{\"@type\":\"BreadcrumbList\",\"@id\":\"https:\/\/www.talentiam.com\/es\/politica-de-cookies\/#breadcrumb\",\"itemListElement\":[{\"@type\":\"ListItem\",\"position\":1,\"name\":\"Portada\",\"item\":\"https:\/\/www.talentiam.com\/es\/\"},{\"@type\":\"ListItem\",\"position\":2,\"name\":\"Pol\u00edtica de Cookies\"}]},{\"@type\":\"WebSite\",\"@id\":\"https:\/\/www.talentiam.com\/es\/#website\",\"url\":\"https:\/\/www.talentiam.com\/es\/\",\"name\":\"talentiam\",\"description\":\"retail evolution_\",\"publisher\":{\"@id\":\"https:\/\/www.talentiam.com\/es\/#organization\"},\"potentialAction\":[{\"@type\":\"SearchAction\",\"target\":{\"@type\":\"EntryPoint\",\"urlTemplate\":\"https:\/\/www.talentiam.com\/es\/?s={search_term_string}\"},\"query-input\":{\"@type\":\"PropertyValueSpecification\",\"valueRequired\":true,\"valueName\":\"search_term_string\"}}],\"inLanguage\":\"es\"},{\"@type\":\"Organization\",\"@id\":\"https:\/\/www.talentiam.com\/es\/#organization\",\"name\":\"talentiam retail evolution_\",\"url\":\"https:\/\/www.talentiam.com\/es\/\",\"logo\":{\"@type\":\"ImageObject\",\"inLanguage\":\"es\",\"@id\":\"https:\/\/www.talentiam.com\/es\/#\/schema\/logo\/image\/\",\"url\":\"https:\/\/www.talentiam.com\/wp-content\/uploads\/2018\/10\/talentiam-retail-evolution.png\",\"contentUrl\":\"https:\/\/www.talentiam.com\/wp-content\/uploads\/2018\/10\/talentiam-retail-evolution.png\",\"width\":200,\"height\":200,\"caption\":\"talentiam retail evolution_\"},\"image\":{\"@id\":\"https:\/\/www.talentiam.com\/es\/#\/schema\/logo\/image\/\"},\"sameAs\":[\"https:\/\/www.facebook.com\/talentiam\/\",\"https:\/\/x.com\/talentiam\",\"https:\/\/www.instagram.com\/talentiam_oficial\/\",\"https:\/\/www.linkedin.com\/company\/talentiam-retail-hr-evolution\/\"]},false]}<\/script>\n<!-- \/ Yoast SEO plugin. -->","yoast_head_json":{"title":"Pol\u00edtica de Cookies |\u00a0talentiam","robots":{"index":"noindex","follow":"nofollow"},"og_locale":"es_ES","og_type":"article","og_title":"Pol\u00edtica de Cookies |\u00a0talentiam","og_description":"Seg\u00fan lo establecido por Reglamento UE 2016\/679, y dem\u00e1s legislaci\u00f3n de desarrollo, talentiam, s.l. con CIF B-63442404 y domicilio en Madrid en la calle Lagasca n\u00ba 10 informa a cualquier persona que visite nuestra sitio web talentiam.com sobre nuestra Pol\u00edtica de Cookies. \u00bfQu\u00e9 son las cookies? Las cookies son ficheros que se descargan en su [&hellip;]","og_url":"https:\/\/www.talentiam.com\/es\/politica-de-cookies\/","og_site_name":"talentiam","article_publisher":"https:\/\/www.facebook.com\/talentiam\/","article_modified_time":"2020-08-20T10:46:03+00:00","twitter_card":"summary_large_image","twitter_site":"@talentiam","twitter_misc":{"Tiempo de lectura":"5 minutos"},"schema":{"@context":"https:\/\/schema.org","@graph":[{"@type":"WebPage","@id":"https:\/\/www.talentiam.com\/es\/politica-de-cookies\/","url":"https:\/\/www.talentiam.com\/es\/politica-de-cookies\/","name":"Pol\u00edtica de Cookies |\u00a0talentiam","isPartOf":{"@id":"https:\/\/www.talentiam.com\/es\/#website"},"datePublished":"2018-03-27T13:35:14+00:00","dateModified":"2020-08-20T10:46:03+00:00","breadcrumb":{"@id":"https:\/\/www.talentiam.com\/es\/politica-de-cookies\/#breadcrumb"},"inLanguage":"es","potentialAction":[{"@type":"ReadAction","target":["https:\/\/www.talentiam.com\/es\/politica-de-cookies\/"]}]},{"@type":"BreadcrumbList","@id":"https:\/\/www.talentiam.com\/es\/politica-de-cookies\/#breadcrumb","itemListElement":[{"@type":"ListItem","position":1,"name":"Portada","item":"https:\/\/www.talentiam.com\/es\/"},{"@type":"ListItem","position":2,"name":"Pol\u00edtica de Cookies"}]},{"@type":"WebSite","@id":"https:\/\/www.talentiam.com\/es\/#website","url":"https:\/\/www.talentiam.com\/es\/","name":"talentiam","description":"retail evolution_","publisher":{"@id":"https:\/\/www.talentiam.com\/es\/#organization"},"potentialAction":[{"@type":"SearchAction","target":{"@type":"EntryPoint","urlTemplate":"https:\/\/www.talentiam.com\/es\/?s={search_term_string}"},"query-input":{"@type":"PropertyValueSpecification","valueRequired":true,"valueName":"search_term_string"}}],"inLanguage":"es"},{"@type":"Organization","@id":"https:\/\/www.talentiam.com\/es\/#organization","name":"talentiam retail evolution_","url":"https:\/\/www.talentiam.com\/es\/","logo":{"@type":"ImageObject","inLanguage":"es","@id":"https:\/\/www.talentiam.com\/es\/#\/schema\/logo\/image\/","url":"https:\/\/www.talentiam.com\/wp-content\/uploads\/2018\/10\/talentiam-retail-evolution.png","contentUrl":"https:\/\/www.talentiam.com\/wp-content\/uploads\/2018\/10\/talentiam-retail-evolution.png","width":200,"height":200,"caption":"talentiam retail evolution_"},"image":{"@id":"https:\/\/www.talentiam.com\/es\/#\/schema\/logo\/image\/"},"sameAs":["https:\/\/www.facebook.com\/talentiam\/","https:\/\/x.com\/talentiam","https:\/\/www.instagram.com\/talentiam_oficial\/","https:\/\/www.linkedin.com\/company\/talentiam-retail-hr-evolution\/"]},false]}},"_links":{"self":[{"href":"https:\/\/www.talentiam.com\/es\/wp-json\/wp\/v2\/pages\/623","targetHints":{"allow":["GET"]}}],"collection":[{"href":"https:\/\/www.talentiam.com\/es\/wp-json\/wp\/v2\/pages"}],"about":[{"href":"https:\/\/www.talentiam.com\/es\/wp-json\/wp\/v2\/types\/page"}],"author":[{"embeddable":true,"href":"https:\/\/www.talentiam.com\/es\/wp-json\/wp\/v2\/users\/5"}],"replies":[{"embeddable":true,"href":"https:\/\/www.talentiam.com\/es\/wp-json\/wp\/v2\/comments?post=623"}],"version-history":[{"count":0,"href":"https:\/\/www.talentiam.com\/es\/wp-json\/wp\/v2\/pages\/623\/revisions"}],"wp:attachment":[{"href":"https:\/\/www.talentiam.com\/es\/wp-json\/wp\/v2\/media?parent=623"}],"curies":[{"name":"wp","href":"https:\/\/api.w.org\/{rel}","templated":true}]}}