{"id":1738,"date":"2018-07-31T00:19:42","date_gmt":"2018-07-31T00:19:42","guid":{"rendered":"http:\/\/talentiam.com\/aviso-legal\/"},"modified":"2018-08-06T15:31:12","modified_gmt":"2018-08-06T15:31:12","slug":"legal-notice","status":"publish","type":"page","link":"https:\/\/www.talentiam.com\/en\/legal-notice\/","title":{"rendered":"Legal notice"},"content":{"rendered":"<p>La utilizaci\u00f3n de este sitio web le atribuye a usted la condici\u00f3n de usuario e implica su aceptaci\u00f3n plena y sin reservas a todas y cada una de las disposiciones incluidas en este Aviso Legal, por lo que si usted no est\u00e1 de acuerdo con cualquiera de las condiciones aqu\u00ed establecidas, no deber\u00e1 usar\/acceder a este web.<\/p>\n<h2>1. CONDICIONES DE UTILIZACI\u00d3N DEL SITIO WEB talentiam.com<\/h2>\n<p>1.1.\tLos visitantes de este web tienen la consideraci\u00f3n de usuarios del mismo, quienes encontrar\u00e1n en \u00e9l informaci\u00f3n relacionada con el tipo de actividad, productos y servicios que realizamos.<\/p>\n<p>1.2.\tLa informaci\u00f3n y los materiales incluidos en el web han sido obtenidos de fuentes consideradas como fiables. Sin embargo, a pesar de haber tomado precauciones y medias razonables para asegurar la fiabilidad de la informaci\u00f3n, no se garantiza que \u00e9sta sea exacta, completa, y\/o actualizada. Consecuentemente, declinamos cualquier responsabilidad por la omisi\u00f3n de informaci\u00f3n o por la publicaci\u00f3n de informaci\u00f3n err\u00f3nea aparecida en este web. <\/p>\n<p>1.3.\tLa informaci\u00f3n exhibida y\/o facilitada por este web debe tener la consideraci\u00f3n, por parte del usuario, de informaci\u00f3n general, sin que ello signifique que pueda estimarse tal informaci\u00f3n como elemento determinante para la toma de decisiones por parte del usuario del sitio web, por lo que declinamos toda responsabilidad derivada de la falta de verificaci\u00f3n de la misma, y de forma espec\u00edfica ha de entenderse que dicha informaci\u00f3n, sometida a la normativa vigente en Espa\u00f1a, no va destinada a aquellos usuarios que act\u00faen bajo otras jurisdicciones de Estados que exijan el cumplimiento de requisitos distintos para la puesta a disposici\u00f3n, divulgaci\u00f3n o publicidad de servicios relativos a las actividades y\/o servicios publicitados en este web. <\/p>\n<p>1.4.\tComo prestadores de servicios de la sociedad de la informaci\u00f3n, nos reservamos el derecho a actualizar, modificar o eliminar la informaci\u00f3n contenida en este sitio web, pudiendo incluso limitar o no permitir el acceso a dicha informaci\u00f3n, sin previo aviso. Especialmente, queda reservado el derecho a eliminar, limitar o impedir el acceso al web cuando surjan dificultades t\u00e9cnicas por hechos o circunstancias ajenos a nosotros que, a nuestro criterio, disminuyan o anulen los niveles de seguridad est\u00e1ndar adoptados para el adecuado funcionamiento de este web. <\/p>\n<p>1.5.\tComo prestadores, podr\u00edamos en cualquier momento establecer procedimientos t\u00e9cnicos legales para obtener informaci\u00f3n an\u00f3nima acerca de sus visitantes, lo que significar\u00eda, en cualquier caso, que dicha informaci\u00f3n no podr\u00eda ser asociada en modo alguno a un usuario concreto e identificado. Este tipo de procedimientos conservan datos como el nombre de dominio del proveedor que da acceso a la red al usuario, la fecha y hora de acceso a nuestro web, la direcci\u00f3n de Internet desde la que parti\u00f3 el link o enlace que dirige a nuestro web, el n\u00famero de visitantes diarios de cada secci\u00f3n, y datos de naturaleza an\u00e1loga. El fin de los datos e informaci\u00f3n recogida es estad\u00edstico, de tal forma que nos permita adquirir un mayor conocimiento sobre la actividad de los visitantes del web, en aras de mejorar el mismo y\/o aumentar su presencia online. Para mayor informaci\u00f3n sobre la finalidad con que empleamos dicha informaci\u00f3n consulte nuestra secci\u00f3n Pol\u00edtica de Cookies en este sitio web.<\/p>\n<p>1.6.\tLos usuarios, en cualquier momento, podr\u00edan desactivar los procedimientos de obtenci\u00f3n de informaci\u00f3n aludidos en el punto expositivo anterior mediante la modificaci\u00f3n de los par\u00e1metros de configuraci\u00f3n de su navegador. No obstante lo anterior, la desactivaci\u00f3n a la que se alude aqu\u00ed no afecta o interfiere en la navegabilidad de los usuarios en nuestro web. Para mayor informaci\u00f3n sobre c\u00f3mo puede desinstalar cookies consulte nuestra secci\u00f3n Pol\u00edtica de Cookies en este sitio web. <\/p>\n<p>1.7.\tEl usuario nos autoriza expresa e inequ\u00edvocamente a obtener y tratar la informaci\u00f3n que se genere como consecuencia de la utilizaci\u00f3n de este web, con la \u00fanica finalidad de ofrecerle una navegaci\u00f3n m\u00e1s personalizada y eficiente.<\/p>\n<h2>2. RESPONSABILIDADES <\/h2>\n<p>2.1.\tComo prestadores, declinamos cualquier responsabilidad respecto a la informaci\u00f3n exhibida en este sitio web, procedente de fuentes ajenas a nosotros, as\u00ed como de los contenidos que no hayamos elaborados.<\/p>\n<p>2.2.\tLa funci\u00f3n de los enlaces (links) que aparecen en este sitio web es \u00fanica y exclusivamente la de informar al usuario sobre la existencia de otras fuentes de informaci\u00f3n sobre la materia en Internet, donde podr\u00e1 ampliar los datos ofrecidos en este sitio web. Por tanto, no seremos, en ning\u00fan caso, responsables del resultado obtenido del acceso a dichos enlaces o links. <\/p>\n<p>2.3.\tEn ning\u00fan caso, seremos responsables de las p\u00e9rdidas, los da\u00f1os o los perjuicios de cualquier naturaleza que pudieran surgir por el acceso y\/o uso del este sitio web, lo que incluye los producidos en sistemas inform\u00e1ticos o los provocados por virus o actividades il\u00edcitas de piratas inform\u00e1ticos (hackers). Asimismo, tampoco seremos responsables de los da\u00f1os que pudieran sufrir los usuarios por un uso inadecuado de este sitio web y, en modo alguno, de las ca\u00eddas, interrupciones, ausencia o defecto en las telecomunicaciones. <\/p>\n<p>2.4.\tComo prestadores, no nos responsabilizamos en modo alguno de las posibles discrepancias que pudieran surgir entre la versi\u00f3n de sus documentos impresos y la versi\u00f3n electr\u00f3nica de los mismos publicados en sus p\u00e1ginas web u obtenidos electr\u00f3nicamente de este sitio web. <\/p>\n<h2>3. POL\u00cdTICA DE PROTECCI\u00d3N DE DATOS PERSONALES <\/h2>\n<p>3.1.\tComo prestadores, garantizamos la protecci\u00f3n de los datos de nuestros clientes y usuarios. Este web no reconoce de modo autom\u00e1tico ning\u00fan dato referente a la identidad de los visitantes de sus p\u00e1ginas. No obstante lo anterior, en los servicios online ofrecidos, con el objeto de garantizar la seguridad y confidencialidad, ser\u00e1 necesaria la previa identificaci\u00f3n y autenticaci\u00f3n del usuario en el sistema, a trav\u00e9s de la solicitud de claves de acceso. En aquellos supuestos en que el usuario solicite informaci\u00f3n sobre servicios o productos o desee realizar la tramitaci\u00f3n de reclamaciones o incidencias, a trav\u00e9s del env\u00edo de formularios residentes en p\u00e1ginas del sitio web, ser\u00e1 en todo caso necesario recoger aquellos datos personales que correspondan para poder informarle sobre su solicitud. <\/p>\n<p>3.2.\tComo prestadores de servicios de la sociedad de la informaci\u00f3n y responsables de los ficheros de datos personales, informamos a los usuarios de este sitio web que todos los datos de car\u00e1cter personal ser\u00e1n tratados con absoluta confidencialidad, siendo utilizados para las finalidades que han sido solicitados, en el marco del Rgto. (UE) 2016\/679 del Parlamento Europeo y del Consejo de 27 de abril de 2016 relativo a la protecci\u00f3n de las personas f\u00edsicas en lo que respecta al tratamiento de datos personales (RGPD), la Ley 34\/2002, de 11 de julio de Servicios de la Sociedad de Informaci\u00f3n y Comercio Electr\u00f3nico (LSSI) y dem\u00e1s normas jur\u00eddicas aplicables.<\/p>\n<p>3.3.\tComo responsables de los ficheros de datos personales, somos quienes asumimos la responsabilidad en la adopci\u00f3n de medidas de seguridad de \u00edndole t\u00e9cnica y organizativa para proteger la confidencialidad e integridad de la informaci\u00f3n, de acuerdo con lo establecido en el RGPD y dem\u00e1s legislaci\u00f3n aplicable. <\/p>\n<p>3.4.\tEl usuario responder\u00e1, en cualquier caso, de la veracidad de los datos facilitados, por lo que nos reservamos el derecho a excluir de los servicios registrados a todo usuario que haya facilitado datos falsos, sin perjuicio de las dem\u00e1s acciones que procedan conforme a Derecho. <\/p>\n<p>3.5.\tNuestro sitio web no se dirige a menores de 18 a\u00f1os. No solicitaremos datos ni dirigiremos acciones comerciales a menores de 18 a\u00f1os a trav\u00e9s de Internet de forma deliberada.  <\/p>\n<p>3.6.\tCualquier usuario registrado puede ejercitar los derechos a acceder, rectificar, y suprimir los datos proporcionados a trav\u00e9s de este sitio web, solicitar la portabilidad de los mismos, y si procede, oponerse al tratamiento o solicitar la limitaci\u00f3n de \u00e9ste, lo cual puede ejercer por medio de env\u00edo de correo electr\u00f3nico a la direcci\u00f3n info@talentiam.com acompa\u00f1ado de una copia de su Documento de Identidad en vigor. Puede consultar en nuestra web la Pol\u00edtica de Privacidad para conocer m\u00e1s informaci\u00f3n sobre como tratamos sus datos personales.<\/p>\n<h2>4. PROPIEDAD INDUSTRIAL E INTELECTUAL <\/h2>\n<p>4.1.\tLa totalidad de este web (textos, im\u00e1genes, marcas, logotipos, archivos de audio, archivos de software, combinaciones de colores, etc.), as\u00ed como la estructura de sus contenidos, se encuentran protegidos por la normativa de Propiedad Intelectual e Industrial, no pudiendo ser objeto de explotaci\u00f3n, reproducci\u00f3n, distribuci\u00f3n, modificaci\u00f3n, comunicaci\u00f3n p\u00fablica, cesi\u00f3n o transformaci\u00f3n o cualquier otra forma de difusi\u00f3n no autorizada expresamente por TALENTIAM, como prestadores y titulares de los derechos intelectuales. Por tanto, el acceso a este sitio web no otorga a los usuarios ning\u00fan derecho ni titularidad alguna sobre los derechos de propiedad intelectual y\/o industrial de los contenidos de este sitio web. <\/p>\n<p>4.2.\tComo titulares de los derechos intelectuales de este sitio web, nos reservamos la posibilidad de ejercer las acciones legales que correspondan contra los usuarios que violen o infrinjan los derechos de propiedad intelectual y\/o industrial. <\/p>\n<h2>5. LEGISLACI\u00d3N APLICABLE Y FUERO <\/h2>\n<p>5.1.\tLas presentes condiciones generales se regir\u00e1n por la legislaci\u00f3n espa\u00f1ola aludida anteriormente o por cualquier otra no expl\u00edcitamente indicada pero de aplicaci\u00f3n obligatoria. Por tanto, el usuario de este sitio web renuncia expresamente al fuero que le corresponda, someti\u00e9ndose a los Juzgados y Tribunales de Madrid Capital. <\/p>\n<h2>6. DATOS DE IDENTIFICACI\u00d3N REGISTRAL <\/h2>\n<p>Los datos registrales del titular de este web son los siguientes:<br \/>\n\u2022Nombre o raz\u00f3n social: TALENTIAM S.L.<br \/>\n\u2022C\u00f3digo de Identificaci\u00f3n Fiscal: B-63442404<br \/>\n\u2022Inscripci\u00f3n Registro Mercantil de Madrid tomo 36541, folio 0199, hoja 293091, inscripci\u00f3n 1\u00aa.<\/p>\n<p>El domicilio del titular de este sitio web, a los efectos de comunicaciones y ejercicio de derechos, es el siguiente:<br \/>\n\u2022Dir: C\/ General Casta\u00f1os n\u00ba 9, bajo izq.<br \/>\n\u2022Loc: Madrid (28004)<br \/>\n\u2022Tel\u00e9fono: 34 91 399 12 85<br \/>\n\u2022Email: info@talentiam.com<\/p>\n","protected":false},"excerpt":{"rendered":"<p>La utilizaci\u00f3n de este sitio web le atribuye a usted la condici\u00f3n de usuario e implica su aceptaci\u00f3n plena y sin reservas a todas y cada una de las disposiciones incluidas en este Aviso Legal, por lo que si usted no est\u00e1 de acuerdo con cualquiera de las condiciones aqu\u00ed establecidas, no deber\u00e1 usar\/acceder a [&hellip;]<\/p>\n","protected":false},"author":5,"featured_media":0,"parent":0,"menu_order":0,"comment_status":"closed","ping_status":"closed","template":"","meta":{"_monsterinsights_skip_tracking":false,"_monsterinsights_sitenote_active":false,"_monsterinsights_sitenote_note":"","_monsterinsights_sitenote_category":0,"yasr_overall_rating":0,"yasr_post_is_review":"","yasr_auto_insert_disabled":"","yasr_review_type":"","footnotes":""},"class_list":["post-1738","page","type-page","status-publish","hentry"],"yasr_visitor_votes":{"stars_attributes":{"read_only":false,"span_bottom":false},"number_of_votes":0,"sum_votes":0},"yoast_head":"<!-- This site is optimized with the Yoast SEO plugin v27.2 - https:\/\/yoast.com\/product\/yoast-seo-wordpress\/ -->\n<title>Legal disclaimer | talentiam fashion retail_<\/title>\n<meta name=\"robots\" content=\"noindex, nofollow\" \/>\n<meta property=\"og:locale\" content=\"en_US\" \/>\n<meta property=\"og:type\" content=\"article\" \/>\n<meta property=\"og:title\" content=\"Legal disclaimer | talentiam fashion retail_\" \/>\n<meta property=\"og:description\" content=\"La utilizaci\u00f3n de este sitio web le atribuye a usted la condici\u00f3n de usuario e implica su aceptaci\u00f3n plena y sin reservas a todas y cada una de las disposiciones incluidas en este Aviso Legal, por lo que si usted no est\u00e1 de acuerdo con cualquiera de las condiciones aqu\u00ed establecidas, no deber\u00e1 usar\/acceder a [&hellip;]\" \/>\n<meta property=\"og:url\" content=\"https:\/\/www.talentiam.com\/en\/legal-notice\/\" \/>\n<meta property=\"og:site_name\" content=\"talentiam\" \/>\n<meta property=\"article:publisher\" content=\"https:\/\/www.facebook.com\/talentiam\/\" \/>\n<meta property=\"article:modified_time\" content=\"2018-08-06T15:31:12+00:00\" \/>\n<meta name=\"twitter:card\" content=\"summary_large_image\" \/>\n<meta name=\"twitter:site\" content=\"@talentiam\" \/>\n<meta name=\"twitter:label1\" content=\"Est. reading time\" \/>\n\t<meta name=\"twitter:data1\" content=\"8 minutes\" \/>\n<script type=\"application\/ld+json\" class=\"yoast-schema-graph\">{\"@context\":\"https:\/\/schema.org\",\"@graph\":[{\"@type\":\"WebPage\",\"@id\":\"https:\/\/www.talentiam.com\/en\/legal-notice\/\",\"url\":\"https:\/\/www.talentiam.com\/en\/legal-notice\/\",\"name\":\"Legal disclaimer | talentiam fashion retail_\",\"isPartOf\":{\"@id\":\"https:\/\/www.talentiam.com\/es\/#website\"},\"datePublished\":\"2018-07-31T00:19:42+00:00\",\"dateModified\":\"2018-08-06T15:31:12+00:00\",\"breadcrumb\":{\"@id\":\"https:\/\/www.talentiam.com\/en\/legal-notice\/#breadcrumb\"},\"inLanguage\":\"en-US\",\"potentialAction\":[{\"@type\":\"ReadAction\",\"target\":[\"https:\/\/www.talentiam.com\/en\/legal-notice\/\"]}]},{\"@type\":\"BreadcrumbList\",\"@id\":\"https:\/\/www.talentiam.com\/en\/legal-notice\/#breadcrumb\",\"itemListElement\":[{\"@type\":\"ListItem\",\"position\":1,\"name\":\"Portada\",\"item\":\"https:\/\/www.talentiam.com\/en\/\"},{\"@type\":\"ListItem\",\"position\":2,\"name\":\"Legal notice\"}]},{\"@type\":\"WebSite\",\"@id\":\"https:\/\/www.talentiam.com\/es\/#website\",\"url\":\"https:\/\/www.talentiam.com\/es\/\",\"name\":\"talentiam\",\"description\":\"retail evolution_\",\"publisher\":{\"@id\":\"https:\/\/www.talentiam.com\/es\/#organization\"},\"potentialAction\":[{\"@type\":\"SearchAction\",\"target\":{\"@type\":\"EntryPoint\",\"urlTemplate\":\"https:\/\/www.talentiam.com\/es\/?s={search_term_string}\"},\"query-input\":{\"@type\":\"PropertyValueSpecification\",\"valueRequired\":true,\"valueName\":\"search_term_string\"}}],\"inLanguage\":\"en-US\"},{\"@type\":\"Organization\",\"@id\":\"https:\/\/www.talentiam.com\/es\/#organization\",\"name\":\"talentiam retail evolution_\",\"url\":\"https:\/\/www.talentiam.com\/es\/\",\"logo\":{\"@type\":\"ImageObject\",\"inLanguage\":\"en-US\",\"@id\":\"https:\/\/www.talentiam.com\/es\/#\/schema\/logo\/image\/\",\"url\":\"https:\/\/www.talentiam.com\/wp-content\/uploads\/2018\/10\/talentiam-retail-evolution.png\",\"contentUrl\":\"https:\/\/www.talentiam.com\/wp-content\/uploads\/2018\/10\/talentiam-retail-evolution.png\",\"width\":200,\"height\":200,\"caption\":\"talentiam retail evolution_\"},\"image\":{\"@id\":\"https:\/\/www.talentiam.com\/es\/#\/schema\/logo\/image\/\"},\"sameAs\":[\"https:\/\/www.facebook.com\/talentiam\/\",\"https:\/\/x.com\/talentiam\",\"https:\/\/www.instagram.com\/talentiam_oficial\/\",\"https:\/\/www.linkedin.com\/company\/talentiam-retail-hr-evolution\/\"]},false]}<\/script>\n<!-- \/ Yoast SEO plugin. -->","yoast_head_json":{"title":"Legal disclaimer | talentiam fashion retail_","robots":{"index":"noindex","follow":"nofollow"},"og_locale":"en_US","og_type":"article","og_title":"Legal disclaimer | talentiam fashion retail_","og_description":"La utilizaci\u00f3n de este sitio web le atribuye a usted la condici\u00f3n de usuario e implica su aceptaci\u00f3n plena y sin reservas a todas y cada una de las disposiciones incluidas en este Aviso Legal, por lo que si usted no est\u00e1 de acuerdo con cualquiera de las condiciones aqu\u00ed establecidas, no deber\u00e1 usar\/acceder a [&hellip;]","og_url":"https:\/\/www.talentiam.com\/en\/legal-notice\/","og_site_name":"talentiam","article_publisher":"https:\/\/www.facebook.com\/talentiam\/","article_modified_time":"2018-08-06T15:31:12+00:00","twitter_card":"summary_large_image","twitter_site":"@talentiam","twitter_misc":{"Est. reading time":"8 minutes"},"schema":{"@context":"https:\/\/schema.org","@graph":[{"@type":"WebPage","@id":"https:\/\/www.talentiam.com\/en\/legal-notice\/","url":"https:\/\/www.talentiam.com\/en\/legal-notice\/","name":"Legal disclaimer | talentiam fashion retail_","isPartOf":{"@id":"https:\/\/www.talentiam.com\/es\/#website"},"datePublished":"2018-07-31T00:19:42+00:00","dateModified":"2018-08-06T15:31:12+00:00","breadcrumb":{"@id":"https:\/\/www.talentiam.com\/en\/legal-notice\/#breadcrumb"},"inLanguage":"en-US","potentialAction":[{"@type":"ReadAction","target":["https:\/\/www.talentiam.com\/en\/legal-notice\/"]}]},{"@type":"BreadcrumbList","@id":"https:\/\/www.talentiam.com\/en\/legal-notice\/#breadcrumb","itemListElement":[{"@type":"ListItem","position":1,"name":"Portada","item":"https:\/\/www.talentiam.com\/en\/"},{"@type":"ListItem","position":2,"name":"Legal notice"}]},{"@type":"WebSite","@id":"https:\/\/www.talentiam.com\/es\/#website","url":"https:\/\/www.talentiam.com\/es\/","name":"talentiam","description":"retail evolution_","publisher":{"@id":"https:\/\/www.talentiam.com\/es\/#organization"},"potentialAction":[{"@type":"SearchAction","target":{"@type":"EntryPoint","urlTemplate":"https:\/\/www.talentiam.com\/es\/?s={search_term_string}"},"query-input":{"@type":"PropertyValueSpecification","valueRequired":true,"valueName":"search_term_string"}}],"inLanguage":"en-US"},{"@type":"Organization","@id":"https:\/\/www.talentiam.com\/es\/#organization","name":"talentiam retail evolution_","url":"https:\/\/www.talentiam.com\/es\/","logo":{"@type":"ImageObject","inLanguage":"en-US","@id":"https:\/\/www.talentiam.com\/es\/#\/schema\/logo\/image\/","url":"https:\/\/www.talentiam.com\/wp-content\/uploads\/2018\/10\/talentiam-retail-evolution.png","contentUrl":"https:\/\/www.talentiam.com\/wp-content\/uploads\/2018\/10\/talentiam-retail-evolution.png","width":200,"height":200,"caption":"talentiam retail evolution_"},"image":{"@id":"https:\/\/www.talentiam.com\/es\/#\/schema\/logo\/image\/"},"sameAs":["https:\/\/www.facebook.com\/talentiam\/","https:\/\/x.com\/talentiam","https:\/\/www.instagram.com\/talentiam_oficial\/","https:\/\/www.linkedin.com\/company\/talentiam-retail-hr-evolution\/"]},false]}},"_links":{"self":[{"href":"https:\/\/www.talentiam.com\/en\/wp-json\/wp\/v2\/pages\/1738","targetHints":{"allow":["GET"]}}],"collection":[{"href":"https:\/\/www.talentiam.com\/en\/wp-json\/wp\/v2\/pages"}],"about":[{"href":"https:\/\/www.talentiam.com\/en\/wp-json\/wp\/v2\/types\/page"}],"author":[{"embeddable":true,"href":"https:\/\/www.talentiam.com\/en\/wp-json\/wp\/v2\/users\/5"}],"replies":[{"embeddable":true,"href":"https:\/\/www.talentiam.com\/en\/wp-json\/wp\/v2\/comments?post=1738"}],"version-history":[{"count":0,"href":"https:\/\/www.talentiam.com\/en\/wp-json\/wp\/v2\/pages\/1738\/revisions"}],"wp:attachment":[{"href":"https:\/\/www.talentiam.com\/en\/wp-json\/wp\/v2\/media?parent=1738"}],"curies":[{"name":"wp","href":"https:\/\/api.w.org\/{rel}","templated":true}]}}