{"id":1249,"date":"2018-07-17T08:34:26","date_gmt":"2018-07-17T08:34:26","guid":{"rendered":"http:\/\/talentiam.com\/politica-de-privacidad\/"},"modified":"2018-08-06T15:33:56","modified_gmt":"2018-08-06T15:33:56","slug":"privacy-policy","status":"publish","type":"page","link":"https:\/\/www.talentiam.com\/en\/privacy-policy\/","title":{"rendered":"Privacy Policy"},"content":{"rendered":"<p>Por medio del presente aviso le informamos sobre nuestra Pol\u00edtica de Protecci\u00f3n de Datos Personales, sobre como tratamos sus datos personales cuando usted usa nuestros servicios y sobre c\u00f3mo puede otorgar su consentimiento expreso, voluntario, informado y consciente.<\/p>\n<p>Por medio de las diferentes secciones del Site web de Talentiam. S.L. (en adelante TALENTIAM) desde donde recopilamos sus datos personales se le informa de conformidad con el Reglamento UE 2016\/679 (en adelante &#8220;Reglamento&#8221;), para su necesaria lectura por usted antes de la entrega de los datos solicitados.<\/p>\n<p>La informaci\u00f3n y los datos proporcionados por usted o adquiridos durante su registro o alta en los servicios de TALENTIAM (correo electr\u00f3nico, nombre y apellidos, DNI, tel\u00e9fono, direcci\u00f3n postal, o aquellos otros que se requieran para la finalidad de prestarle nuestros servicios), ser\u00e1n tratados de acuerdo con las normas del Reglamento y con las obligaciones de confidencialidad de TALENTIAM. Sus datos personales ser\u00e1n tratados conforme a los principios de legalidad, confidencialidad, prop\u00f3sito y l\u00edmites de retenci\u00f3n de datos, minimizaci\u00f3n de datos, correcci\u00f3n, transparencia, precisi\u00f3n, e integridad que indica el Reglamento.<\/p>\n<h2>1.- Responsable de los Datos y Delegado de Protecci\u00f3n de Datos<\/h2>\n<p>El Responsable del Tratamiento de Datos es Talentiam, s.l. con CIF: B63442404<br \/>\nDomicilio Social: C\/ General Casta\u00f1os n\u00ba 9, bajo izq, Madrid<br \/>\nTel\u00e9fono: +34 91 399 12 85<br \/>\nCorreo electr\u00f3nico: info@talentiam.com<br \/>\nDatos registrales: Registro Mercantil de Madrid tomo 36541, folio 0199, hoja 293091, inscripci\u00f3n 1\u00aa<\/p>\n<h2>2.- Tratamiento de Datos Personales.<\/h2>\n<p>Por \u201ctratamiento de datos personales\u201d se entender\u00e1 cualquier operaci\u00f3n o conjunto de operaciones realizadas con o sin la ayuda de procesos automatizados y aplicadas a datos personales o conjuntos de datos personales, tales como recopilaci\u00f3n, registro, organizaci\u00f3n, estructuraci\u00f3n, almacenamiento, adaptaci\u00f3n o modificaci\u00f3n, extracci\u00f3n, consulta, uso, comunicaci\u00f3n por transmisi\u00f3n, difusi\u00f3n o cualquier otra forma de puesta a disposici\u00f3n, comparaci\u00f3n o interconexi\u00f3n, limitaci\u00f3n, cancelaci\u00f3n o destrucci\u00f3n.<\/p>\n<p>En particular, los Datos Personales objeto de tratamiento por parte de TALENTIAM son los siguientes:<\/p>\n<p><strong>2.1. Datos facilitados por el interesado:<\/strong><br \/>\nSon los datos personales que usted comparte con nosotros cuando usa nuestros servicios, o env\u00eda mensajes a nuestros correos electr\u00f3nicos o direcci\u00f3n postal de contacto o a trav\u00e9s de la secci\u00f3n de contacto en nuestra p\u00e1gina web. Utilizaremos los datos personales \u00fanica y estrictamente en la medida de lo necesario para satisfacer su solicitud.<\/p>\n<p>Al utilizar los servicios de TALENTIAM podr\u00eda producirse el tratamiento de datos personales de terceros enviados por usted. En este caso, usted debe contar con la autorizaci\u00f3n de la persona en cuesti\u00f3n, asumiendo todas las obligaciones y responsabilidades legales. No recogemos y tratamos informaci\u00f3n de menores de edad, solo si \u00e9sta ha sido provista por sus padres o tutores o con su consentimiento. En caso contrario nos reservamos el derecho de eliminarla.<\/p>\n<p>En este sentido, usted se compromete a mantener indemne a TALENTIAM en relaci\u00f3n con cualquier disputa, reclamaci\u00f3n, solicitud de compensaci\u00f3n por da\u00f1os del tratamiento que pueda llegar a TALENTIAM por parte de terceros cuyos datos personales se hayan tratado a trav\u00e9s del uso que haya hecho usted de nuestros servicios, con vulneraci\u00f3n de las normas aplicables sobre protecci\u00f3n de datos personales.<\/p>\n<p>Los datos personales mencionados se solicitan cuando es necesario para el adecuado cumplimiento del contrato por parte nuestra y suya y, a su vez, para que podamos observar nuestras obligaciones legales. Sin ellos, podr\u00edamos vernos imposibilitados de prestarle los servicios que nos solicite.<\/p>\n<p>Es importante que todos los datos personales que comunique cuando se registra como Usuario o en cualquier otro momento mientras usa el Site o nos env\u00eda un correo electr\u00f3nico sean correctos y precisos.<\/p>\n<p><strong>2.2.- Datos de Navegaci\u00f3n:<\/strong><br \/>\nSe trata de Datos Personales cuya transmisi\u00f3n se considera impl\u00edcita en el uso de los protocolos de comunicaci\u00f3n de Internet que los sistemas inform\u00e1ticos y los procedimientos de software utilizan para operar el Site de TALENTIAM. Esta informaci\u00f3n no se recopila para ser asociada con personas identificadas o identificables, pero podr\u00eda, a trav\u00e9s del procesamiento y la asociaci\u00f3n con los datos en poder de terceros, permitir que los usuarios fueran identificados. Este tipo de datos pueden incluir: direcciones IP, nombres de dominio de los dispositivos que se conecten al Site, las direcciones en el Identificador Uniforme de Recursos (URI), el momento y m\u00e9todo de env\u00edo de la solicitud al servidor, el tama\u00f1o del archivo obtenido en respuesta, el c\u00f3digo del estado de la respuesta dada por el servidor y otros datos sobre el sistema operativo y el entorno del dispositivo del usuario. La finalidad es disponer de informaci\u00f3n estad\u00edstica an\u00f3nima sobre el uso del Site, verificar su funcionamiento, identificar anomal\u00edas o abusos, y se eliminan despu\u00e9s del tratamiento. Tambi\u00e9n podr\u00edan utilizarse para determinar la responsabilidad en caso de posibles delitos inform\u00e1ticos contra el Site o contra terceros.<br \/>\nEn la Pol\u00edtica de Cookies de nuestra web, dispone de informaci\u00f3n acerca de las cookies que recogemos y utilizamos.<\/p>\n<p><strong>2.3.- Interacci\u00f3n con redes sociales:<\/strong><br \/>\nUsted puede completar el formulario de registro a trav\u00e9s de nuestro Site para contratar nuestros Servicios pero tambi\u00e9n puede registrarse en nuestros Servicios, si tiene un perfil, de Facebook, Instagram, LinkedIn o Twitter (en adelante RRSS). En estos casos, las RRSS enviar\u00e1n autom\u00e1ticamente a TALENTIAM algunos de sus datos personales, especificados en la ventana emergente que se muestra en el momento de la solicitud.<br \/>\nUsted puede elegir asociar su cuenta de TALENTIAM con sus cuentas de Facebook, Instagram, LinkedIn o Twitter si las tuviera. Si vincula, conecta o inicia sesi\u00f3n en su cuenta con un servicio como las redes sociales indicadas, dicho servicio podr\u00eda enviarnos datos tales como informaci\u00f3n de registro y de perfil (nombre de usuario, ID del usuario asociado a su cuenta en las redes sociales, foto, correo electr\u00f3nico) y toda la dem\u00e1s informaci\u00f3n que haya permitido a la red social correspondiente compartir con terceros. Los datos que recibimos dependen de su configuraci\u00f3n de privacidad en las redes sociales correspondientes. Puede siempre revisar y, modificar sus configuraciones de privacidad en los Sites y servicios de terceros antes de vincularlos o conectarlos con nuestro Site.<\/p>\n<h2>3.- Base legal.<\/h2>\n<p>3.1.- Para crear y\/o mantener la relaci\u00f3n contractual establecida para la prestaci\u00f3n del Servicio solicitado por usted en todas sus fases, as\u00ed como enviarle informaci\u00f3n (por medio de correo electr\u00f3nico, tel\u00e9fono, SMS, RRSS) relativa a la relaci\u00f3n contractual establecida.<\/p>\n<p>3.2.- Para observar los requisitos legales, normativos y de cumplimiento y responder a las solicitudes de Jueces y Tribunales, Defensor del Pueblo, Ministerio Fiscal o las Administraciones P\u00fablicas competentes que llevan adelante una investigaci\u00f3n.<\/p>\n<p>3.3.- Para llevar a cabo an\u00e1lisis estad\u00edsticos a los efectos de ver c\u00f3mo se usa nuestro Site o nuestros servicios y poder medir el desarrollo del negocio de TALENTIAM.<\/p>\n<p>3.4.- Conforme a nuestro inter\u00e9s leg\u00edtimo, para mejora de nuestro Site, sus funcionalidades y nuestros servicios.<\/p>\n<p>3.5.- Conforme a nuestro inter\u00e9s leg\u00edtimo, para cumplir con nuestros t\u00e9rminos y condiciones, proteger nuestros derechos en caso de controversia o reclamo.<\/p>\n<p>3.6.- Cuando lo permita la ley -salvo su expresa negativa- para comunicarle promociones (mediante correo electr\u00f3nico, SMS u otra comunicaci\u00f3n electr\u00f3nica equivalente) relativas a servicios similares a los que usted haya adquirido con nosotros.<\/p>\n<p>3.7.- Para enviarle con su previo consentimiento (mediante correo electr\u00f3nico, SMS u otra comunicaci\u00f3n electr\u00f3nica equivalente) ofertas sobre servicios que pensamos que le podr\u00edan interesar y que son comercializados por nosotros o nuestros socios comerciales en los siguientes sectores: selecci\u00f3n, formaci\u00f3n y consultor\u00eda.<\/p>\n<p>3.8.- Para garantizar la seguridad de nuestro Site y sistemas y evitar o detectar fraudes, incidentes de seguridad u otros delitos.<\/p>\n<p>3.9.- Para personalizar comunicaciones de marketing y promociones en l\u00ednea que le ofrecemos seg\u00fan la informaci\u00f3n acerca de c\u00f3mo utiliza nuestro Site, nuestros servicios y otros Sites recogidas mediante las cookies.<\/p>\n<h2>4.- Destinatarios de los datos.<\/h2>\n<p>4.1.- Nuestros empleados y\/o colaboradores autorizados que prestan servicios de selecci\u00f3n, formaci\u00f3n y consultor\u00eda en las \u00e1reas de administraci\u00f3n, producto, asesor\u00eda jur\u00eddica, Servicio Atenci\u00f3n al Cliente y sistemas inform\u00e1ticos, as\u00ed como los encargados del mantenimiento de nuestra red y los equipos de hardware y software, consultoras comerciales, profesionales que prestan servicios de auditor\u00eda legal o eval\u00faan el valor y las capacidades del negocio, cuando se necesite para una venta de nuestra compa\u00f1\u00eda o sus bienes.<\/p>\n<p>4.2.- Nuestros proveedores de servicios accesorios que en su condici\u00f3n de encargados del tratamiento de datos procesan sus datos personales, tales como prestadores de servicio de atenci\u00f3n al cliente, de tecnolog\u00eda inform\u00e1tica y alojamiento web, servicios de an\u00e1lisis.<\/p>\n<p>4.3.- Compa\u00f1\u00edas del sector de moda, retail, formaci\u00f3n, consultor\u00eda, as\u00ed como cualquier otro tercero a quien sea necesario comunicar sus datos personales para que se preste el servicio solicitado, el cual actuar\u00e1 en car\u00e1cter de responsable del tratamiento de datos aut\u00f3nomos.<\/p>\n<p>4.4.- Las redes sociales cuando inicia sesi\u00f3n mediante dichas redes sociales.<\/p>\n<p>4.5.- Las autoridades competentes cuando as\u00ed nos lo exigen en cumplimiento de la normativa vigente. Tambi\u00e9n en el caso de que necesitemos hacer cumplir nuestros derechos o de un tercero se lo podremos comunicar a las autoridades u organismos de seguridad.<\/p>\n<p>4.6.- Transmisi\u00f3n internacional de datos.<br \/>\nLos datos personales de los Usuarios y\/o Clientes se procesan en los servidores de nuestros proveedores de servicios de tecnolog\u00eda inform\u00e1tica y alojamiento web situados en Espa\u00f1a.<br \/>\nTambi\u00e9n transmitimos sus datos personales a pa\u00edses:<br \/>\n&#8211; Que no pertenecen al Espacio Econ\u00f3mico Europeo (EEE) pero tienen un nivel de protecci\u00f3n de datos adecuado.<br \/>\n&#8211; Que no pertenecen al Espacio Econ\u00f3mico Europeo (EEE) donde las leyes de protecci\u00f3n de datos pueden ser menos exigentes que las de los pa\u00edses del EEE. Esto puede ocurrir cuando:<br \/>\nComunicamos sus datos a responsables del tratamiento de datos tales como compa\u00f1\u00edas, agencias y consultoras, que podr\u00edan procesar sus datos fuera del EEE para que reciba los servicios solicitados.<br \/>\nComunicamos sus datos a nuestros proveedores de servicios que act\u00faan en nuestro nombre y podr\u00edan estar ubicados fuera del EEE. En estos casos, nos aseguramos de que sea de conformidad con nuestra Pol\u00edtica de Privacidad y las cl\u00e1usulas contractuales est\u00e1ndar aprobadas por la Comisi\u00f3n Europea que garantizan una protecci\u00f3n adecuada de los interesados. Nuestros proveedores, que act\u00faan en su condici\u00f3n de encargados del tratamiento de datos, pueden ofrecer el servicio solicitado, ofrecer servicios de marketing y promociones en nuestro nombre.<\/p>\n<h2>5.- Tiempo de conservaci\u00f3n de los datos.<\/h2>\n<p>Conservamos sus datos personales durante el tiempo requerido para llevar a cabo las actividades indicadas en esta Pol\u00edtica de Privacidad, cumplir los objetivos o una obligaci\u00f3n legal.<\/p>\n<h2>6.- Derechos que puede ejercer y como ejercerlos.<\/h2>\n<p>&#8211; Derecho de acceso.<br \/>\n&#8211; Derecho a recibir informaci\u00f3n sobre la existencia de sus datos personales y obtener copia.<br \/>\n&#8211; Derecho a actualizar, rectificar y\/o corregir sus datos personales.<br \/>\n&#8211; Derecho de supresi\u00f3n y derecho de limitaci\u00f3n.<br \/>\n&#8211; Derecho a la portabilidad de sus datos personales en un formato legible por m\u00e1quinas, de uso com\u00fan y estructurado y de solicitarnos la transmisi\u00f3n de dichos datos a otro responsable del tratamiento de datos.<br \/>\n&#8211; Derecho a retirar su consentimiento salvo que podamos tener otra motivaci\u00f3n con argumentos jur\u00eddicos para procesar dichos datos.<br \/>\n&#8211; Derecho de oposici\u00f3n en todo momento al tratamiento de sus datos personales en algunas circunstancias.<\/p>\n<p>Puede ejercer los derechos indicados contactando por correo electr\u00f3nico en la direcci\u00f3n <a href=\"mailto:info@talentiam.com\">info@talentiam.com<\/a>.<\/p>\n<p>&#8211; Comunicaciones de marketing directo..<\/p>\n<p>Puede oponerse en cualquier momento en la direcci\u00f3n info@talentiam.com o haciendo clic en el enlace \u201cdar de baja la suscripci\u00f3n\u201d, que incluimos en las comunicaciones que le enviamos.<\/p>\n<p>Tiene derecho de presentar una reclamaci\u00f3n ante la AEPD si considera que sus datos personales no ha recibido el tratamiento adecuado, si bien le recomendamos que consulte previamente con nosotros en la direcci\u00f3n <a href=\"mailto:info@talentiam.com\">info@talentiam.com<\/a>.<\/p>\n<h2>7.- Medidas de seguridad.<\/h2>\n<p>TALENTIAM ha adoptado los niveles de seguridad de protecci\u00f3n de los datos personales de acuerdo con aquellos que le son requeridos y a su vez facilitados, para ello se dispone de las medidas que consideramos apropiadas y los medios t\u00e9cnicos y organizativos a nuestro alcance con el fin de evitar la p\u00e9rdida, mal uso, alteraci\u00f3n, acceso no autorizado y robo de los datos facilitados en el Sitio Web. No obstante, usted es consciente de que las medidas de seguridad en Internet no son inexpugnables.<\/p>\n<h2>8.- Versiones de la Pol\u00edtica de Privacidad.<\/h2>\n<p>TALENTIAM se reserva el derecho de modificar esta Pol\u00edtica de Privacidad en cualquier momento, en cuyo caso publicaremos el texto actualizado en nuestra Web.<\/p>\n","protected":false},"excerpt":{"rendered":"<p>Por medio del presente aviso le informamos sobre nuestra Pol\u00edtica de Protecci\u00f3n de Datos Personales, sobre como tratamos sus datos personales cuando usted usa nuestros servicios y sobre c\u00f3mo puede otorgar su consentimiento expreso, voluntario, informado y consciente. Por medio de las diferentes secciones del Site web de Talentiam. S.L. (en adelante TALENTIAM) desde donde [&hellip;]<\/p>\n","protected":false},"author":5,"featured_media":0,"parent":0,"menu_order":0,"comment_status":"closed","ping_status":"closed","template":"","meta":{"_monsterinsights_skip_tracking":false,"_monsterinsights_sitenote_active":false,"_monsterinsights_sitenote_note":"","_monsterinsights_sitenote_category":0,"yasr_overall_rating":0,"yasr_post_is_review":"","yasr_auto_insert_disabled":"","yasr_review_type":"","footnotes":""},"class_list":["post-1249","page","type-page","status-publish","hentry"],"yasr_visitor_votes":{"stars_attributes":{"read_only":false,"span_bottom":false},"number_of_votes":0,"sum_votes":0},"yoast_head":"<!-- This site is optimized with the Yoast SEO plugin v27.2 - https:\/\/yoast.com\/product\/yoast-seo-wordpress\/ -->\n<title>Privacy Policy | talentiam<\/title>\n<meta name=\"robots\" content=\"noindex, nofollow\" \/>\n<meta property=\"og:locale\" content=\"en_US\" \/>\n<meta property=\"og:type\" content=\"article\" \/>\n<meta property=\"og:title\" content=\"Privacy Policy | talentiam\" \/>\n<meta property=\"og:description\" content=\"Por medio del presente aviso le informamos sobre nuestra Pol\u00edtica de Protecci\u00f3n de Datos Personales, sobre como tratamos sus datos personales cuando usted usa nuestros servicios y sobre c\u00f3mo puede otorgar su consentimiento expreso, voluntario, informado y consciente. Por medio de las diferentes secciones del Site web de Talentiam. S.L. (en adelante TALENTIAM) desde donde [&hellip;]\" \/>\n<meta property=\"og:url\" content=\"https:\/\/www.talentiam.com\/en\/privacy-policy\/\" \/>\n<meta property=\"og:site_name\" content=\"talentiam\" \/>\n<meta property=\"article:publisher\" content=\"https:\/\/www.facebook.com\/talentiam\/\" \/>\n<meta property=\"article:modified_time\" content=\"2018-08-06T15:33:56+00:00\" \/>\n<meta name=\"twitter:card\" content=\"summary_large_image\" \/>\n<meta name=\"twitter:site\" content=\"@talentiam\" \/>\n<meta name=\"twitter:label1\" content=\"Est. reading time\" \/>\n\t<meta name=\"twitter:data1\" content=\"11 minutes\" \/>\n<script type=\"application\/ld+json\" class=\"yoast-schema-graph\">{\"@context\":\"https:\/\/schema.org\",\"@graph\":[{\"@type\":\"WebPage\",\"@id\":\"https:\/\/www.talentiam.com\/en\/privacy-policy\/\",\"url\":\"https:\/\/www.talentiam.com\/en\/privacy-policy\/\",\"name\":\"Privacy Policy | talentiam\",\"isPartOf\":{\"@id\":\"https:\/\/www.talentiam.com\/es\/#website\"},\"datePublished\":\"2018-07-17T08:34:26+00:00\",\"dateModified\":\"2018-08-06T15:33:56+00:00\",\"breadcrumb\":{\"@id\":\"https:\/\/www.talentiam.com\/en\/privacy-policy\/#breadcrumb\"},\"inLanguage\":\"en-US\",\"potentialAction\":[{\"@type\":\"ReadAction\",\"target\":[\"https:\/\/www.talentiam.com\/en\/privacy-policy\/\"]}]},{\"@type\":\"BreadcrumbList\",\"@id\":\"https:\/\/www.talentiam.com\/en\/privacy-policy\/#breadcrumb\",\"itemListElement\":[{\"@type\":\"ListItem\",\"position\":1,\"name\":\"Portada\",\"item\":\"https:\/\/www.talentiam.com\/en\/\"},{\"@type\":\"ListItem\",\"position\":2,\"name\":\"Privacy Policy\"}]},{\"@type\":\"WebSite\",\"@id\":\"https:\/\/www.talentiam.com\/es\/#website\",\"url\":\"https:\/\/www.talentiam.com\/es\/\",\"name\":\"talentiam\",\"description\":\"retail evolution_\",\"publisher\":{\"@id\":\"https:\/\/www.talentiam.com\/es\/#organization\"},\"potentialAction\":[{\"@type\":\"SearchAction\",\"target\":{\"@type\":\"EntryPoint\",\"urlTemplate\":\"https:\/\/www.talentiam.com\/es\/?s={search_term_string}\"},\"query-input\":{\"@type\":\"PropertyValueSpecification\",\"valueRequired\":true,\"valueName\":\"search_term_string\"}}],\"inLanguage\":\"en-US\"},{\"@type\":\"Organization\",\"@id\":\"https:\/\/www.talentiam.com\/es\/#organization\",\"name\":\"talentiam retail evolution_\",\"url\":\"https:\/\/www.talentiam.com\/es\/\",\"logo\":{\"@type\":\"ImageObject\",\"inLanguage\":\"en-US\",\"@id\":\"https:\/\/www.talentiam.com\/es\/#\/schema\/logo\/image\/\",\"url\":\"https:\/\/www.talentiam.com\/wp-content\/uploads\/2018\/10\/talentiam-retail-evolution.png\",\"contentUrl\":\"https:\/\/www.talentiam.com\/wp-content\/uploads\/2018\/10\/talentiam-retail-evolution.png\",\"width\":200,\"height\":200,\"caption\":\"talentiam retail evolution_\"},\"image\":{\"@id\":\"https:\/\/www.talentiam.com\/es\/#\/schema\/logo\/image\/\"},\"sameAs\":[\"https:\/\/www.facebook.com\/talentiam\/\",\"https:\/\/x.com\/talentiam\",\"https:\/\/www.instagram.com\/talentiam_oficial\/\",\"https:\/\/www.linkedin.com\/company\/talentiam-retail-hr-evolution\/\"]},false]}<\/script>\n<!-- \/ Yoast SEO plugin. -->","yoast_head_json":{"title":"Privacy Policy | talentiam","robots":{"index":"noindex","follow":"nofollow"},"og_locale":"en_US","og_type":"article","og_title":"Privacy Policy | talentiam","og_description":"Por medio del presente aviso le informamos sobre nuestra Pol\u00edtica de Protecci\u00f3n de Datos Personales, sobre como tratamos sus datos personales cuando usted usa nuestros servicios y sobre c\u00f3mo puede otorgar su consentimiento expreso, voluntario, informado y consciente. Por medio de las diferentes secciones del Site web de Talentiam. S.L. (en adelante TALENTIAM) desde donde [&hellip;]","og_url":"https:\/\/www.talentiam.com\/en\/privacy-policy\/","og_site_name":"talentiam","article_publisher":"https:\/\/www.facebook.com\/talentiam\/","article_modified_time":"2018-08-06T15:33:56+00:00","twitter_card":"summary_large_image","twitter_site":"@talentiam","twitter_misc":{"Est. reading time":"11 minutes"},"schema":{"@context":"https:\/\/schema.org","@graph":[{"@type":"WebPage","@id":"https:\/\/www.talentiam.com\/en\/privacy-policy\/","url":"https:\/\/www.talentiam.com\/en\/privacy-policy\/","name":"Privacy Policy | talentiam","isPartOf":{"@id":"https:\/\/www.talentiam.com\/es\/#website"},"datePublished":"2018-07-17T08:34:26+00:00","dateModified":"2018-08-06T15:33:56+00:00","breadcrumb":{"@id":"https:\/\/www.talentiam.com\/en\/privacy-policy\/#breadcrumb"},"inLanguage":"en-US","potentialAction":[{"@type":"ReadAction","target":["https:\/\/www.talentiam.com\/en\/privacy-policy\/"]}]},{"@type":"BreadcrumbList","@id":"https:\/\/www.talentiam.com\/en\/privacy-policy\/#breadcrumb","itemListElement":[{"@type":"ListItem","position":1,"name":"Portada","item":"https:\/\/www.talentiam.com\/en\/"},{"@type":"ListItem","position":2,"name":"Privacy Policy"}]},{"@type":"WebSite","@id":"https:\/\/www.talentiam.com\/es\/#website","url":"https:\/\/www.talentiam.com\/es\/","name":"talentiam","description":"retail evolution_","publisher":{"@id":"https:\/\/www.talentiam.com\/es\/#organization"},"potentialAction":[{"@type":"SearchAction","target":{"@type":"EntryPoint","urlTemplate":"https:\/\/www.talentiam.com\/es\/?s={search_term_string}"},"query-input":{"@type":"PropertyValueSpecification","valueRequired":true,"valueName":"search_term_string"}}],"inLanguage":"en-US"},{"@type":"Organization","@id":"https:\/\/www.talentiam.com\/es\/#organization","name":"talentiam retail evolution_","url":"https:\/\/www.talentiam.com\/es\/","logo":{"@type":"ImageObject","inLanguage":"en-US","@id":"https:\/\/www.talentiam.com\/es\/#\/schema\/logo\/image\/","url":"https:\/\/www.talentiam.com\/wp-content\/uploads\/2018\/10\/talentiam-retail-evolution.png","contentUrl":"https:\/\/www.talentiam.com\/wp-content\/uploads\/2018\/10\/talentiam-retail-evolution.png","width":200,"height":200,"caption":"talentiam retail evolution_"},"image":{"@id":"https:\/\/www.talentiam.com\/es\/#\/schema\/logo\/image\/"},"sameAs":["https:\/\/www.facebook.com\/talentiam\/","https:\/\/x.com\/talentiam","https:\/\/www.instagram.com\/talentiam_oficial\/","https:\/\/www.linkedin.com\/company\/talentiam-retail-hr-evolution\/"]},false]}},"_links":{"self":[{"href":"https:\/\/www.talentiam.com\/en\/wp-json\/wp\/v2\/pages\/1249","targetHints":{"allow":["GET"]}}],"collection":[{"href":"https:\/\/www.talentiam.com\/en\/wp-json\/wp\/v2\/pages"}],"about":[{"href":"https:\/\/www.talentiam.com\/en\/wp-json\/wp\/v2\/types\/page"}],"author":[{"embeddable":true,"href":"https:\/\/www.talentiam.com\/en\/wp-json\/wp\/v2\/users\/5"}],"replies":[{"embeddable":true,"href":"https:\/\/www.talentiam.com\/en\/wp-json\/wp\/v2\/comments?post=1249"}],"version-history":[{"count":0,"href":"https:\/\/www.talentiam.com\/en\/wp-json\/wp\/v2\/pages\/1249\/revisions"}],"wp:attachment":[{"href":"https:\/\/www.talentiam.com\/en\/wp-json\/wp\/v2\/media?parent=1249"}],"curies":[{"name":"wp","href":"https:\/\/api.w.org\/{rel}","templated":true}]}}